{"id":29,"date":"2022-02-03T19:03:47","date_gmt":"2022-02-03T19:03:47","guid":{"rendered":"https:\/\/buero-birchler.ch\/?page_id=29"},"modified":"2024-06-02T18:27:41","modified_gmt":"2024-06-02T18:27:41","slug":"ueber-uns","status":"publish","type":"page","link":"https:\/\/buero-birchler.ch\/?page_id=29","title":{"rendered":"\u00dcber uns"},"content":{"rendered":"<p>[et_pb_section fb_built=&#8220;1&#8243; _builder_version=&#8220;4.16&#8243; _module_preset=&#8220;default&#8220; global_colors_info=&#8220;{}&#8220;][et_pb_row _builder_version=&#8220;4.16&#8243; _module_preset=&#8220;default&#8220; global_colors_info=&#8220;{}&#8220;][et_pb_column type=&#8220;4_4&#8243; _builder_version=&#8220;4.16&#8243; _module_preset=&#8220;default&#8220; global_colors_info=&#8220;{}&#8220;][et_pb_text _builder_version=&#8220;4.16&#8243; _module_preset=&#8220;default&#8220; global_colors_info=&#8220;{}&#8220;]<\/p>\n<h1 class=\"entry-title main_title\">\u00dcber uns<\/h1>\n<div class=\"entry-content\">\n<p>Wir sind seit 1992 ein selbst\u00e4ndiges Unternehmen in Form einer Einzelfirma und haben Erfahrungen in den unterschiedlichsten Kleinunternehmen gesammelt.<\/p>\n<p>Wir bieten unseren Kunden Dienstleistungen von h\u00f6chster Qualit\u00e4t im Bereich Treuhand und administrative B\u00fcroarbeiten.<\/p>\n<p>Wir garantieren Ihnen eine termingerechte Erledigung, der uns \u00fcbertragenen Aufgaben. Unsere T\u00e4tigkeit richten wir Aufgrund Ihrer individuellen Bed\u00fcrfnisse. So erhalten Sie genau die Unterst\u00fctzung, die Sie w\u00fcnschen. Wodurch Sie wertvolle Entlastung im Alltag gewinnen.<\/p>\n<p>Mit absoluter Diskretion und Zuverl\u00e4ssigkeit schaffen wir eine Basis f\u00fcr eine dauerhafte und angenehme Zusammenarbeit.<\/p>\n<p>Der Ansprechpartner bleibt \u00fcber Jahre hinweg derselbe, was die Zusammenarbeit f\u00fcr Sie nur noch angenehmer macht. Gerne z\u00e4hlen wir auch Sie zu unseren zufriedenen Kunden.<\/p>\n<\/div>\n<p>[\/et_pb_text][\/et_pb_column][\/et_pb_row][\/et_pb_section]<\/p>\n","protected":false},"excerpt":{"rendered":"<p>\u00dcber uns Wir sind seit 1992 ein selbst\u00e4ndiges Unternehmen in Form einer Einzelfirma und haben Erfahrungen in den unterschiedlichsten Kleinunternehmen gesammelt. Wir bieten unseren Kunden Dienstleistungen von h\u00f6chster Qualit\u00e4t im Bereich Treuhand und administrative B\u00fcroarbeiten. Wir garantieren Ihnen eine termingerechte Erledigung, der uns \u00fcbertragenen Aufgaben. Unsere T\u00e4tigkeit richten wir Aufgrund Ihrer individuellen Bed\u00fcrfnisse. So erhalten [&hellip;]<\/p>\n","protected":false},"author":1,"featured_media":0,"parent":0,"menu_order":0,"comment_status":"closed","ping_status":"closed","template":"","meta":{"_et_pb_use_builder":"on","_et_pb_old_content":"","_et_gb_content_width":"","footnotes":""},"class_list":["post-29","page","type-page","status-publish","hentry"],"_links":{"self":[{"href":"https:\/\/buero-birchler.ch\/index.php?rest_route=\/wp\/v2\/pages\/29","targetHints":{"allow":["GET"]}}],"collection":[{"href":"https:\/\/buero-birchler.ch\/index.php?rest_route=\/wp\/v2\/pages"}],"about":[{"href":"https:\/\/buero-birchler.ch\/index.php?rest_route=\/wp\/v2\/types\/page"}],"author":[{"embeddable":true,"href":"https:\/\/buero-birchler.ch\/index.php?rest_route=\/wp\/v2\/users\/1"}],"replies":[{"embeddable":true,"href":"https:\/\/buero-birchler.ch\/index.php?rest_route=%2Fwp%2Fv2%2Fcomments&post=29"}],"version-history":[{"count":3,"href":"https:\/\/buero-birchler.ch\/index.php?rest_route=\/wp\/v2\/pages\/29\/revisions"}],"predecessor-version":[{"id":61,"href":"https:\/\/buero-birchler.ch\/index.php?rest_route=\/wp\/v2\/pages\/29\/revisions\/61"}],"wp:attachment":[{"href":"https:\/\/buero-birchler.ch\/index.php?rest_route=%2Fwp%2Fv2%2Fmedia&parent=29"}],"curies":[{"name":"wp","href":"https:\/\/api.w.org\/{rel}","templated":true}]}}