{"id":27,"date":"2022-02-03T19:03:27","date_gmt":"2022-02-03T19:03:27","guid":{"rendered":"https:\/\/buero-birchler.ch\/?page_id=27"},"modified":"2022-02-03T19:18:20","modified_gmt":"2022-02-03T19:18:20","slug":"dienstleistungen","status":"publish","type":"page","link":"https:\/\/buero-birchler.ch\/?page_id=27","title":{"rendered":"Dienstleistungen"},"content":{"rendered":"<p>[et_pb_section fb_built=&#8220;1&#8243; theme_builder_area=&#8220;post_content&#8220; _builder_version=&#8220;4.14.7&#8243; _module_preset=&#8220;default&#8220;][et_pb_row _builder_version=&#8220;4.14.7&#8243; _module_preset=&#8220;default&#8220; theme_builder_area=&#8220;post_content&#8220;][et_pb_column _builder_version=&#8220;4.14.7&#8243; _module_preset=&#8220;default&#8220; type=&#8220;4_4&#8243; theme_builder_area=&#8220;post_content&#8220;][et_pb_text _builder_version=&#8220;4.14.7&#8243; _module_preset=&#8220;default&#8220; theme_builder_area=&#8220;post_content&#8220; hover_enabled=&#8220;0&#8243; sticky_enabled=&#8220;0&#8243;]<\/p>\n<h1 class=\"entry-title main_title\">Dienstleistungen<\/h1>\n<div class=\"entry-content\">\n<p><strong>Buchhaltung und Abschluss<\/strong><\/p>\n<p>Wir betreuen kleine Unternehmen sowie Selbst\u00e4ndigerwerbende. Die Buchf\u00fchrung ist f\u00fcr jedes Unternehmen wichtig zur \u00dcberwachung des Gesch\u00e4ftsganges und zudem gilt sie als Grundlage f\u00fcr die Berechnung der Steuern.<\/p>\n<p>Wir arbeiten mit einer Schweizer Software, die sich in unterschiedlichsten Branchen einsetzen l\u00e4sst. Sie wurde von erfahrenen Finanz-\u00a0und IT-Spezialisten f\u00fcr die Anspr\u00fcche von KMU in der Schweiz entwickelt. Ein professionelles Adressmanagement, eine effiziente Auftragsbearbeitung sowie eine moderne Finanzbuchhaltung bilden das Kernst\u00fcck dieser Software. Jedes weitere Modul reiht sich nahtlos ein. Es spielen alle Module perfekt zusammen<\/p>\n<p>Wir f\u00fchren f\u00fcr Sie die<\/p>\n<p>\uf0b7 Finanzbuchhaltung<\/p>\n<p>\uf0b7 Debitorenbuchhaltung<\/p>\n<p>\uf0b7 Kreditorenbuchhaltung<\/p>\n<p>\uf0b7 Lohnbuchhaltung<\/p>\n<p>\uf0b7 Erstellen Jahres-\u00a0und Quartalsabschl\u00fcsse<\/p>\n<p>\uf0b7 Periodische Abrechnungen (MWST, AHV, SUVA usw.)<\/p>\n<p>\uf0b7 Steuererkl\u00e4rungen f\u00fcr Unternehmen und private Personen<\/p>\n<p><strong>Debitorenbuchhaltung \u00a0<\/strong><\/p>\n<p>F\u00fcr eine zus\u00e4tzliche Entlastung \u00fcbernehmen wir entsprechend Ihren Bed\u00fcrfnissen<\/p>\n<p>\uf0b7 Die Fakturierung in Ihrem Namen an Ihre Kunden<\/p>\n<p>\uf0b7 Erfassen die Debitorenbelege<\/p>\n<p>\uf0b7 \u00dcberwachen die Zahlungseing\u00e4nge<\/p>\n<p>\uf0b7 Erstellen Mahnungen<\/p>\n<p>\uf0b7 Erstellen div. Listen und Auswertungen<\/p>\n<p><strong>Kreditorenbuchhaltung<\/strong><\/p>\n<p>Bei einer grossen Menge von Rechnungen ist die Kreditorenbuchhaltung eine grosse Entlastung. Nach Wunsch \u00fcbernehmen wir<\/p>\n<p>\uf0b7 Kontieren und Erfassen der Rechnungen<\/p>\n<p>\uf0b7 Erstellen der Verg\u00fctungsauftr\u00e4ge<\/p>\n<p>\uf0b7 DTA Datei einlesen im Onlinebanking Ihrer Bank<\/p>\n<p>\uf0b7 Erstellen div. Listen und Auswertungen<\/p>\n<p><strong>Lohnbuchhaltung<\/strong><\/p>\n<p>Haben Sie Mitarbeiter? Die L\u00f6hne sind ein grosser administrativer Aufwand. Als Bestandteil der Finanzbuchhaltung erledigen wir f\u00fcr Sie die komplette Lohnbuchhaltung.<\/p>\n<p>\uf0b7 Erfassen monatlicher Lohnabrechnungen (Mitarbeiter)<\/p>\n<p>\uf0b7 Lohnverg\u00fctungen einlesen im Onlinebanking Ihrer Bank<\/p>\n<p>\uf0b7 Erstellen der Lohnabrechnungen (AHV, SUVA usw.)<\/p>\n<p>\uf0b7 Erstellen der Lohnausweise<\/p>\n<p><strong>Tachographen-Auswertung<\/strong><\/p>\n<p>Wir arbeiten mit einer modernen und gesetzeskonformen Software f\u00fcr das Archivieren und Auswerten der Daten des digitalen Tachographen sowie der entsprechenden Chipkarten. Die Software erf\u00fcllt einerseits die gesetzliche Archivierungspflicht und bietet andererseits dem Unternehmer einen Einblick in die Lenk-\u00a0und Ruhezeiten der Fahrer.<\/p>\n<p>\uf0b7 Gesetzliche Archivierung der digitalen Daten<\/p>\n<p>\uf0b7 Graphische Anzeige der T\u00e4tigkeiten<\/p>\n<p>\uf0b7 Termin\u00fcberwachung der anstehenden Downloads<\/p>\n<p>\uf0b7 Auswertung nach g\u00fcltigem Recht<\/p>\n<\/div>\n<p>[\/et_pb_text][\/et_pb_column][\/et_pb_row][\/et_pb_section]<\/p>\n","protected":false},"excerpt":{"rendered":"<p>Dienstleistungen Buchhaltung und Abschluss Wir betreuen kleine Unternehmen sowie Selbst\u00e4ndigerwerbende. Die Buchf\u00fchrung ist f\u00fcr jedes Unternehmen wichtig zur \u00dcberwachung des Gesch\u00e4ftsganges und zudem gilt sie als Grundlage f\u00fcr die Berechnung der Steuern. Wir arbeiten mit einer Schweizer Software, die sich in unterschiedlichsten Branchen einsetzen l\u00e4sst. Sie wurde von erfahrenen Finanz-\u00a0und IT-Spezialisten f\u00fcr die Anspr\u00fcche von [&hellip;]<\/p>\n","protected":false},"author":1,"featured_media":0,"parent":0,"menu_order":0,"comment_status":"closed","ping_status":"closed","template":"","meta":{"_et_pb_use_builder":"on","_et_pb_old_content":"","_et_gb_content_width":"","footnotes":""},"class_list":["post-27","page","type-page","status-publish","hentry"],"_links":{"self":[{"href":"https:\/\/buero-birchler.ch\/index.php?rest_route=\/wp\/v2\/pages\/27","targetHints":{"allow":["GET"]}}],"collection":[{"href":"https:\/\/buero-birchler.ch\/index.php?rest_route=\/wp\/v2\/pages"}],"about":[{"href":"https:\/\/buero-birchler.ch\/index.php?rest_route=\/wp\/v2\/types\/page"}],"author":[{"embeddable":true,"href":"https:\/\/buero-birchler.ch\/index.php?rest_route=\/wp\/v2\/users\/1"}],"replies":[{"embeddable":true,"href":"https:\/\/buero-birchler.ch\/index.php?rest_route=%2Fwp%2Fv2%2Fcomments&post=27"}],"version-history":[{"count":2,"href":"https:\/\/buero-birchler.ch\/index.php?rest_route=\/wp\/v2\/pages\/27\/revisions"}],"predecessor-version":[{"id":52,"href":"https:\/\/buero-birchler.ch\/index.php?rest_route=\/wp\/v2\/pages\/27\/revisions\/52"}],"wp:attachment":[{"href":"https:\/\/buero-birchler.ch\/index.php?rest_route=%2Fwp%2Fv2%2Fmedia&parent=27"}],"curies":[{"name":"wp","href":"https:\/\/api.w.org\/{rel}","templated":true}]}}